{"id":1627,"date":"2016-11-03T09:58:27","date_gmt":"2016-11-03T08:58:27","guid":{"rendered":"https:\/\/rentprs.com\/wordpress\/?page_id=1627"},"modified":"2018-12-31T11:52:37","modified_gmt":"2018-12-31T10:52:37","slug":"remopla","status":"publish","type":"page","link":"https:\/\/rentprs.com\/en\/alle-produkte\/bodenschutz\/remopla\/","title":{"rendered":"Remopla"},"content":{"rendered":"\n            <div class=\"glacier-section\" style=\"padding-top: 0px; padding-bottom: 45px; \" id=\"section-57134d68bf649\">\n            <div class=\"container\">\n                <section>\n                    \n<div class=\"row\">\n\t\n\n<div class=\"col-xs-12 col-sm-12\" style=\"background: transparent  \">\n\t    <script>\n        jQuery(document).ready(function ($) {\n            if($.fn.vglacier_iso_sort) {\n                var $container = $('.img-boxes');\n                $container.vglacier_iso_sort();\n            }\n        });\n\n        (function($) {\n            $.fn.vglacier_iso_sort = function(options) {\n                return this.each(function() {\n                    var the_body\t\t= $('body'),\n                        container\t\t= $(this),\n                        portfolio_id\t= container.data('portfolio-id'),\n                        filter\t\t\t= container.parent().find('.filters[data-portfolio-id=\"' + portfolio_id + '\"]'),\n                        imgParent\t\t= container.find('.object-non-visible');\n\n                    function applyIso()\n                    {\n                        container.isotope({\n                            layoutMode : 'fitRows',\n                            itemSelector : '.isotope-item',\n                            transitionDuration: '0.6s',\n                            filter: \"*\"\n                        }, function()\n                        {\n                            container.css({overflow:'visible'});\n\/\/                            the_body.trigger('av_resize_finished');\n                        });\n\n                        \/\/ filter items on button click\n                        filter.on('click', 'ul.nav li a', function () {\n                            var filterValue = $(this).attr('data-filter');\n                            $(\".filters\").find(\"li.active\").removeClass(\"active\");\n                            $(this).parent().addClass(\"active\");\n                            container.isotope({filter: filterValue});\n                            return false;\n                        });\n                    };\n\n                    \/\/ update columnWidth on window resize\n                    $(window).on( 'debouncedresize', function()\n                    {\n                        applyIso();\n                    });\n\n                    $.vglacier_utilities.preload({container: container, single_callback:  function() {\n                        applyIso();\n\n                                                    imgParent.each(function(i)\n                            {\n                                var currentLink = $(this);\n\n                                setTimeout(function()\n                                {\n                                    currentLink.animate({opacity:1},1500);\n                                }, (100 * i));\n                            });\n                                            }\n                    });\n                });\n            }\n        })(this.jQuery);\n    <\/script>\n\n\n        <div class=\"img-boxes isotope-container-69f4399d058b0 grid-space-20\" data-portfolio-id=\"isotope-container-69f4399d058b0\">\n                <div class=\"col-xs-12 col-sm-6 col-md-4 isotope-item  16-bodenschutz 38-remopla\">\n            <div class=\"box-style-1 white-bg \">\n                <a href=\"https:\/\/rentprs.com\/en\/produkte\/produkt\/pe-folie\/\" class=\"mask-wrapper\">\n                    <img data-no-retina width=\"500\" height=\"331\" src=\"https:\/\/rentprs.com\/wp-content\/uploads\/2016\/10\/PE-Folie-schwarz-e1607512947913.jpg\" alt=\"PE-foil\">                                        <div class=\"mask\" >\n                        <span>Bodenschutz, Remopla<\/span>\n                        <span class=\"triangle\"><i class=\"fa fa-link\"><\/i><\/span>\n                    <\/div>\n                <\/a>\n                <h3><a href=\"https:\/\/rentprs.com\/en\/produkte\/produkt\/pe-folie\/\">PE-foil<\/a><\/h3>\n                                    <p>Die extrem rei\u00dffeste Folie kommt innen und au\u00dfen zum Einsatz, sie verf\u00fcgt \u00fcber eine hohe Witterungsbest\u00e4ndigkeit, auch am Boden ist sie unempfindlich gegen\u00fcber N\u00e4sse, S\u00e4uren und Basen.Our security gates enable a safe and controlled entrance to every event or venue.<\/p>\n                                <a class=\"btn btn-default btn-pill\" href=\"https:\/\/rentprs.com\/en\/produkte\/produkt\/pe-folie\/\">Show Details<\/a>\n            <\/div>\n        <\/div>\n            <div class=\"col-xs-12 col-sm-6 col-md-4 isotope-item  16-bodenschutz 38-remopla\">\n            <div class=\"box-style-1 white-bg \">\n                <a href=\"https:\/\/rentprs.com\/en\/produkte\/produkt\/remopla-rampen\/\" class=\"mask-wrapper\">\n                    <img data-no-retina width=\"500\" height=\"331\" src=\"https:\/\/rentprs.com\/wp-content\/uploads\/2016\/10\/Remopla-Rampen.jpg\" alt=\"REMOPLA Ramps\">                                        <div class=\"mask\" >\n                        <span>Bodenschutz, Remopla<\/span>\n                        <span class=\"triangle\"><i class=\"fa fa-link\"><\/i><\/span>\n                    <\/div>\n                <\/a>\n                <h3><a href=\"https:\/\/rentprs.com\/en\/produkte\/produkt\/remopla-rampen\/\">REMOPLA Ramps<\/a><\/h3>\n                                    <p>Ease accessing the surface for vehicles.<\/p>\n                                <a class=\"btn btn-default btn-pill\" href=\"https:\/\/rentprs.com\/en\/produkte\/produkt\/remopla-rampen\/\">Show Details<\/a>\n            <\/div>\n        <\/div>\n            <div class=\"col-xs-12 col-sm-6 col-md-4 isotope-item  16-bodenschutz 38-remopla\">\n            <div class=\"box-style-1 white-bg \">\n                <a href=\"https:\/\/rentprs.com\/en\/produkte\/produkt\/remopla-schwerlastplatte\/\" class=\"mask-wrapper\">\n                    <img data-no-retina width=\"500\" height=\"331\" src=\"https:\/\/rentprs.com\/wp-content\/uploads\/2016\/03\/26.jpg\" alt=\"REMOPLA heavy duty mat\">                                        <div class=\"mask\" >\n                        <span>Bodenschutz, Remopla<\/span>\n                        <span class=\"triangle\"><i class=\"fa fa-link\"><\/i><\/span>\n                    <\/div>\n                <\/a>\n                <h3><a href=\"https:\/\/rentprs.com\/en\/produkte\/produkt\/remopla-schwerlastplatte\/\">REMOPLA heavy duty mat<\/a><\/h3>\n                                    <p>REMOPLA (heavy duty mat) is the perfect temporary protection for any kind of surface.<\/p>\n                                <a class=\"btn btn-default btn-pill\" href=\"https:\/\/rentprs.com\/en\/produkte\/produkt\/remopla-schwerlastplatte\/\">Show Details<\/a>\n            <\/div>\n        <\/div>\n            <\/div>\n    \n    <\/div><\/div>\n\n                <\/section>\n            <\/div>\n                    <\/div>\n    \n","protected":false},"excerpt":{"rendered":"<p>Bodenschutz, Remopla PE-foil Die extrem rei\u00dffeste Folie kommt innen und au\u00dfen zum Einsatz, sie verf\u00fcgt \u00fcber eine hohe Witterungsbest\u00e4ndigkeit, auch am Boden ist sie unempfindlich gegen\u00fcber N\u00e4sse, S\u00e4uren und Basen.Our security gates enable a safe and controlled entrance to every event or venue. Show Details Bodenschutz, Remopla REMOPLA Ramps Ease accessing the surface for vehicles. [&hellip;]<\/p>\n","protected":false},"author":1,"featured_media":0,"parent":1315,"menu_order":1,"comment_status":"closed","ping_status":"closed","template":"","meta":[],"_links":{"self":[{"href":"https:\/\/rentprs.com\/en\/wp-json\/wp\/v2\/pages\/1627"}],"collection":[{"href":"https:\/\/rentprs.com\/en\/wp-json\/wp\/v2\/pages"}],"about":[{"href":"https:\/\/rentprs.com\/en\/wp-json\/wp\/v2\/types\/page"}],"author":[{"embeddable":true,"href":"https:\/\/rentprs.com\/en\/wp-json\/wp\/v2\/users\/1"}],"replies":[{"embeddable":true,"href":"https:\/\/rentprs.com\/en\/wp-json\/wp\/v2\/comments?post=1627"}],"version-history":[{"count":3,"href":"https:\/\/rentprs.com\/en\/wp-json\/wp\/v2\/pages\/1627\/revisions"}],"predecessor-version":[{"id":1796,"href":"https:\/\/rentprs.com\/en\/wp-json\/wp\/v2\/pages\/1627\/revisions\/1796"}],"up":[{"embeddable":true,"href":"https:\/\/rentprs.com\/en\/wp-json\/wp\/v2\/pages\/1315"}],"wp:attachment":[{"href":"https:\/\/rentprs.com\/en\/wp-json\/wp\/v2\/media?parent=1627"}],"curies":[{"name":"wp","href":"https:\/\/api.w.org\/{rel}","templated":true}]}}